{"id":28,"date":"2017-02-06T21:28:54","date_gmt":"2017-02-06T21:28:54","guid":{"rendered":"http:\/\/138.197.221.144\/index.php\/premio-trajetoria\/"},"modified":"2020-01-26T22:55:29","modified_gmt":"2020-01-26T22:55:29","slug":"premio-trajetoria","status":"publish","type":"page","link":"https:\/\/trayectoria.lacnic.net\/pt-br\/","title":{"rendered":"Pr\u00eamio Trajet\u00f3ria"},"content":{"rendered":"<p>Desculpe! Este formul\u00e1rio n\u00e3o existe mais.<\/p>\n","protected":false},"excerpt":{"rendered":"","protected":false},"author":26,"featured_media":0,"parent":0,"menu_order":0,"comment_status":"closed","ping_status":"closed","template":"page-templates\/front-page.php","meta":{"footnotes":""},"class_list":["post-28","page","type-page","status-publish","hentry"],"_links":{"self":[{"href":"https:\/\/trayectoria.lacnic.net\/pt-br\/wp-json\/wp\/v2\/pages\/28","targetHints":{"allow":["GET"]}}],"collection":[{"href":"https:\/\/trayectoria.lacnic.net\/pt-br\/wp-json\/wp\/v2\/pages"}],"about":[{"href":"https:\/\/trayectoria.lacnic.net\/pt-br\/wp-json\/wp\/v2\/types\/page"}],"author":[{"embeddable":true,"href":"https:\/\/trayectoria.lacnic.net\/pt-br\/wp-json\/wp\/v2\/users\/26"}],"replies":[{"embeddable":true,"href":"https:\/\/trayectoria.lacnic.net\/pt-br\/wp-json\/wp\/v2\/comments?post=28"}],"version-history":[{"count":2,"href":"https:\/\/trayectoria.lacnic.net\/pt-br\/wp-json\/wp\/v2\/pages\/28\/revisions"}],"predecessor-version":[{"id":82,"href":"https:\/\/trayectoria.lacnic.net\/pt-br\/wp-json\/wp\/v2\/pages\/28\/revisions\/82"}],"wp:attachment":[{"href":"https:\/\/trayectoria.lacnic.net\/pt-br\/wp-json\/wp\/v2\/media?parent=28"}],"curies":[{"name":"wp","href":"https:\/\/api.w.org\/{rel}","templated":true}]}}